{"id":2625,"date":"2019-03-15T09:22:30","date_gmt":"2019-03-15T08:22:30","guid":{"rendered":"https:\/\/goelectric.se\/kontakta-oss-om-elbatar\/"},"modified":"2024-02-06T14:32:50","modified_gmt":"2024-02-06T13:32:50","slug":"kontakta-oss-om-elbatar","status":"publish","type":"page","link":"https:\/\/goelectric.se\/sv\/kontakta-oss-om-elbatar\/","title":{"rendered":"Kontakta oss om elb\u00e5tar"},"content":{"rendered":"\n<style type=\"text\/css\" data-created_by=\"avia_inline_auto\" id=\"style-css-av-jt4x5gdt-db393f829313c36bfe01dcaef7307e97\">\n.avia-section.av-jt4x5gdt-db393f829313c36bfe01dcaef7307e97{\nbackground-repeat:no-repeat;\nbackground-image:url(https:\/\/goelectric.se\/wp-content\/uploads\/2019\/03\/bakgrund_contact.jpg);\nbackground-position:50% 50%;\nbackground-attachment:fixed;\n}\n.avia-section.av-jt4x5gdt-db393f829313c36bfe01dcaef7307e97 .av-section-color-overlay{\nopacity:0.3;\nbackground-color:#000000;\n}\n<\/style>\n<div id='av_section_1'  class='avia-section av-jt4x5gdt-db393f829313c36bfe01dcaef7307e97 main_color avia-section-default avia-no-border-styling  avia-builder-el-0  avia-builder-el-no-sibling  avia-full-stretch avia-bg-style-fixed av-section-color-overlay-active av-minimum-height av-minimum-height-100  container_wrap fullsize'  data-section-bg-repeat='stretch' data-av_minimum_height_pc='100'><div class=\"av-section-color-overlay-wrap\"><div class=\"av-section-color-overlay\"><\/div><div class='container av-section-cont-open' ><main  role=\"main\" itemprop=\"mainContentOfPage\"  class='template-page content  av-content-full alpha units'><div class='post-entry post-entry-type-page post-entry-2625'><div class='entry-content-wrapper clearfix'>\n\n<style type=\"text\/css\" data-created_by=\"avia_inline_auto\" id=\"style-css-av-jt4x91a7-700cc29c6c3b22f5cae346d0c44b55d0\">\n.avia-image-container.av-jt4x91a7-700cc29c6c3b22f5cae346d0c44b55d0 img.avia_image{\nbox-shadow:none;\n}\n.avia-image-container.av-jt4x91a7-700cc29c6c3b22f5cae346d0c44b55d0 .av-image-caption-overlay-center{\ncolor:#ffffff;\n}\n<\/style>\n<div  class='avia-image-container av-jt4x91a7-700cc29c6c3b22f5cae346d0c44b55d0 av-styling-no-styling avia_animated_image av-animated-when-visible-95 fade-in avia-align-center  avia-builder-el-1  el_before_av_hr  avia-builder-el-first  av-small-hide av-mini-hide'   itemprop=\"image\" itemscope=\"itemscope\" itemtype=\"https:\/\/schema.org\/ImageObject\" ><div class=\"avia-image-container-inner\"><div class=\"avia-image-overlay-wrap\"><img decoding=\"async\" class='wp-image-2225 avia-img-lazy-loading-not-2225 avia_image ' src=\"https:\/\/goelectric.se\/wp-content\/uploads\/2019\/03\/symbol.png\" alt='' title=''  height=\"180\" width=\"180\"  itemprop=\"thumbnailUrl\" srcset=\"https:\/\/goelectric.se\/wp-content\/uploads\/2019\/03\/symbol.png 180w, https:\/\/goelectric.se\/wp-content\/uploads\/2019\/03\/symbol-80x80.png 80w, https:\/\/goelectric.se\/wp-content\/uploads\/2019\/03\/symbol-36x36.png 36w, https:\/\/goelectric.se\/wp-content\/uploads\/2019\/03\/symbol-120x120.png 120w\" sizes=\"(max-width: 180px) 100vw, 180px\" \/><\/div><\/div><\/div>\n\n<style type=\"text\/css\" data-created_by=\"avia_inline_auto\" id=\"style-css-av-jt8ezmov-68199c0d94aa762e3a760455c2f213af\">\n#top .hr.hr-invisible.av-jt8ezmov-68199c0d94aa762e3a760455c2f213af{\nheight:70px;\n}\n<\/style>\n<div  class='hr av-jt8ezmov-68199c0d94aa762e3a760455c2f213af hr-invisible  avia-builder-el-2  el_after_av_image  el_before_av_hr  av-desktop-hide av-medium-hide'><span class='hr-inner '><span class=\"hr-inner-style\"><\/span><\/span><\/div>\n\n<style type=\"text\/css\" data-created_by=\"avia_inline_auto\" id=\"style-css-av-jt8ezmov-188a8d9f393eb0e7598eb1a1eef02b68\">\n#top .hr.hr-invisible.av-jt8ezmov-188a8d9f393eb0e7598eb1a1eef02b68{\nheight:20px;\n}\n<\/style>\n<div  class='hr av-jt8ezmov-188a8d9f393eb0e7598eb1a1eef02b68 hr-invisible  avia-builder-el-3  el_after_av_hr  el_before_av_one_fifth '><span class='hr-inner '><span class=\"hr-inner-style\"><\/span><\/span><\/div>\n\n<style type=\"text\/css\" data-created_by=\"avia_inline_auto\" id=\"style-css-av-29d3s-d6079e9ccea136efb6acb9cf27512d1c\">\n.flex_column.av-29d3s-d6079e9ccea136efb6acb9cf27512d1c{\n-webkit-border-radius:0px 0px 0px 0px;\n-moz-border-radius:0px 0px 0px 0px;\nborder-radius:0px 0px 0px 0px;\npadding:0px 0px 0px 0px;\n}\n<\/style>\n<div class='flex_column av-29d3s-d6079e9ccea136efb6acb9cf27512d1c av_one_fifth  avia-builder-el-4  el_after_av_hr  el_before_av_three_fifth  first flex_column_div av-zero-column-padding '     ><\/div>\n<style type=\"text\/css\" data-created_by=\"avia_inline_auto\" id=\"style-css-av-1s61o-f878d8c47035a9d2c63138bedf3ddbb4\">\n.flex_column.av-1s61o-f878d8c47035a9d2c63138bedf3ddbb4{\n-webkit-border-radius:0px 0px 0px 0px;\n-moz-border-radius:0px 0px 0px 0px;\nborder-radius:0px 0px 0px 0px;\npadding:0px 0px 0px 0px;\n}\n<\/style>\n<div class='flex_column av-1s61o-f878d8c47035a9d2c63138bedf3ddbb4 av_three_fifth  avia-builder-el-5  el_after_av_one_fifth  el_before_av_one_fifth  flex_column_div av-zero-column-padding '     ><style type=\"text\/css\" data-created_by=\"avia_inline_auto\" id=\"style-css-av-jt4x53nx-7aca5fefc8bf465e1ab6aabf8ee919a5\">\n#top .av_textblock_section.av-jt4x53nx-7aca5fefc8bf465e1ab6aabf8ee919a5 .avia_textblock{\ncolor:#ffffff;\n}\n<\/style>\n<section  class='av_textblock_section av-jt4x53nx-7aca5fefc8bf465e1ab6aabf8ee919a5'  itemscope=\"itemscope\" itemtype=\"https:\/\/schema.org\/CreativeWork\" ><div class='avia_textblock av_inherit_color'  itemprop=\"text\" ><h2 style=\"text-align: center;\">KONTAKTA OSS<\/h2>\n<\/div><\/section><br \/>\n\n<style type=\"text\/css\" data-created_by=\"avia_inline_auto\" id=\"style-css-av-jt4x53nx-6746dbe2ee2278211b5ea5e76adf175e\">\n#top .av_textblock_section.av-jt4x53nx-6746dbe2ee2278211b5ea5e76adf175e .avia_textblock{\nfont-size:20px;\ncolor:#ffffff;\n}\n<\/style>\n<section  class='av_textblock_section av-jt4x53nx-6746dbe2ee2278211b5ea5e76adf175e'  itemscope=\"itemscope\" itemtype=\"https:\/\/schema.org\/CreativeWork\" ><div class='avia_textblock av_inherit_color'  itemprop=\"text\" ><p style=\"text-align: center;\">Kontakta oss p\u00e5 +46 709 529250 eller <a href=\"mailto:hello@goelectric.se\">hello@goelectric.se<\/a><\/p>\n<p style=\"text-align: center;\">\n<p style=\"text-align: center;\">Julviksholmen &#8211; Svarts\u00f6\/L\u00e5dna, V\u00e4rmd\u00f6, Sverige<br \/>\n(59.4352341, 18.6951345)<\/p>\n<p style=\"text-align: center;\">\n<\/div><\/section><br \/>\n\n<style type=\"text\/css\" data-created_by=\"avia_inline_auto\" id=\"style-css-av-jt4x53nx-ccc4fee2e3d28462b8868b7bd5ddbe28\">\n#top .av_textblock_section.av-jt4x53nx-ccc4fee2e3d28462b8868b7bd5ddbe28 .avia_textblock{\nfont-size:14px;\ncolor:#ffffff;\n}\n<\/style>\n<section  class='av_textblock_section av-jt4x53nx-ccc4fee2e3d28462b8868b7bd5ddbe28'  itemscope=\"itemscope\" itemtype=\"https:\/\/schema.org\/CreativeWork\" ><div class='avia_textblock av_inherit_color'  itemprop=\"text\" ><p style=\"text-align: center;\">Se \u00e4ven de h\u00e4ndelser som listas i v\u00e5ra <a href=\"https:\/\/goelectric.se\/sv\/nyheter-om-elektriska-batar\/\">nyheter<\/a> under denna s\u00e4song<br \/>\noch kom och tr\u00e4ffa oss i de hamnar som vi bes\u00f6ker runt om i sk\u00e4rg\u00e5rden.<\/p>\n<p style=\"text-align: center;\">\n<\/div><\/section><\/p><\/div>\n<style type=\"text\/css\" data-created_by=\"avia_inline_auto\" id=\"style-css-av-12odk-52090fbe772a28363cd7c1d1e217b36b\">\n.flex_column.av-12odk-52090fbe772a28363cd7c1d1e217b36b{\n-webkit-border-radius:0px 0px 0px 0px;\n-moz-border-radius:0px 0px 0px 0px;\nborder-radius:0px 0px 0px 0px;\npadding:0px 0px 0px 0px;\n}\n<\/style>\n<div class='flex_column av-12odk-52090fbe772a28363cd7c1d1e217b36b av_one_fifth  avia-builder-el-9  el_after_av_three_fifth  el_before_av_one_full  flex_column_div av-zero-column-padding '     ><\/div>\n<style type=\"text\/css\" data-created_by=\"avia_inline_auto\" id=\"style-css-av-ajww3-3e8c1915db697855241abe1dcde593be\">\n.flex_column.av-ajww3-3e8c1915db697855241abe1dcde593be{\n-webkit-border-radius:0px 0px 0px 0px;\n-moz-border-radius:0px 0px 0px 0px;\nborder-radius:0px 0px 0px 0px;\npadding:0px 0px 0px 0px;\n}\n<\/style>\n<div class='flex_column av-ajww3-3e8c1915db697855241abe1dcde593be av_one_full  avia-builder-el-10  el_after_av_one_fifth  avia-builder-el-last  first flex_column_div av-zero-column-padding column-top-margin'     ><\/div>\n","protected":false},"excerpt":{"rendered":"","protected":false},"author":2,"featured_media":0,"parent":0,"menu_order":0,"comment_status":"closed","ping_status":"closed","template":"","meta":{"inline_featured_image":false,"footnotes":""},"yoast_head":"<!-- This site is optimized with the Yoast SEO plugin v21.9.1 - https:\/\/yoast.com\/wordpress\/plugins\/seo\/ -->\n<title>Kontakta oss om elb\u00e5tar - GoElectric - Electric Boats in Sweden<\/title>\n<meta name=\"robots\" content=\"index, follow, max-snippet:-1, max-image-preview:large, max-video-preview:-1\" \/>\n<link rel=\"canonical\" href=\"https:\/\/goelectric.se\/sv\/kontakta-oss-om-elbatar\/\" \/>\n<meta property=\"og:locale\" content=\"sv_SE\" \/>\n<meta property=\"og:type\" content=\"article\" \/>\n<meta property=\"og:title\" content=\"Kontakta oss om elb\u00e5tar - GoElectric - Electric Boats in Sweden\" \/>\n<meta property=\"og:url\" content=\"https:\/\/goelectric.se\/sv\/kontakta-oss-om-elbatar\/\" \/>\n<meta property=\"og:site_name\" content=\"GoElectric - Electric Boats in Sweden\" \/>\n<meta property=\"article:modified_time\" content=\"2024-02-06T13:32:50+00:00\" \/>\n<meta name=\"twitter:card\" content=\"summary_large_image\" \/>\n<meta name=\"twitter:label1\" content=\"Ber\u00e4knad l\u00e4stid\" \/>\n\t<meta name=\"twitter:data1\" content=\"4 minuter\" \/>\n<script type=\"application\/ld+json\" class=\"yoast-schema-graph\">{\"@context\":\"https:\/\/schema.org\",\"@graph\":[{\"@type\":\"WebPage\",\"@id\":\"https:\/\/goelectric.se\/sv\/kontakta-oss-om-elbatar\/\",\"url\":\"https:\/\/goelectric.se\/sv\/kontakta-oss-om-elbatar\/\",\"name\":\"Kontakta oss om elb\u00e5tar - GoElectric - Electric Boats in Sweden\",\"isPartOf\":{\"@id\":\"https:\/\/goelectric.se\/sv\/#website\"},\"datePublished\":\"2019-03-15T08:22:30+00:00\",\"dateModified\":\"2024-02-06T13:32:50+00:00\",\"inLanguage\":\"sv-SE\",\"potentialAction\":[{\"@type\":\"ReadAction\",\"target\":[\"https:\/\/goelectric.se\/sv\/kontakta-oss-om-elbatar\/\"]}]},{\"@type\":\"WebSite\",\"@id\":\"https:\/\/goelectric.se\/sv\/#website\",\"url\":\"https:\/\/goelectric.se\/sv\/\",\"name\":\"GoElectric - Electric Boats in Sweden\",\"description\":\"GoElectric encourages exploration, social bonds and a greener lifestyle.\",\"potentialAction\":[{\"@type\":\"SearchAction\",\"target\":{\"@type\":\"EntryPoint\",\"urlTemplate\":\"https:\/\/goelectric.se\/sv\/?s={search_term_string}\"},\"query-input\":\"required name=search_term_string\"}],\"inLanguage\":\"sv-SE\"}]}<\/script>\n<!-- \/ Yoast SEO plugin. -->","yoast_head_json":{"title":"Kontakta oss om elb\u00e5tar - GoElectric - Electric Boats in Sweden","robots":{"index":"index","follow":"follow","max-snippet":"max-snippet:-1","max-image-preview":"max-image-preview:large","max-video-preview":"max-video-preview:-1"},"canonical":"https:\/\/goelectric.se\/sv\/kontakta-oss-om-elbatar\/","og_locale":"sv_SE","og_type":"article","og_title":"Kontakta oss om elb\u00e5tar - GoElectric - Electric Boats in Sweden","og_url":"https:\/\/goelectric.se\/sv\/kontakta-oss-om-elbatar\/","og_site_name":"GoElectric - Electric Boats in Sweden","article_modified_time":"2024-02-06T13:32:50+00:00","twitter_card":"summary_large_image","twitter_misc":{"Ber\u00e4knad l\u00e4stid":"4 minuter"},"schema":{"@context":"https:\/\/schema.org","@graph":[{"@type":"WebPage","@id":"https:\/\/goelectric.se\/sv\/kontakta-oss-om-elbatar\/","url":"https:\/\/goelectric.se\/sv\/kontakta-oss-om-elbatar\/","name":"Kontakta oss om elb\u00e5tar - GoElectric - Electric Boats in Sweden","isPartOf":{"@id":"https:\/\/goelectric.se\/sv\/#website"},"datePublished":"2019-03-15T08:22:30+00:00","dateModified":"2024-02-06T13:32:50+00:00","inLanguage":"sv-SE","potentialAction":[{"@type":"ReadAction","target":["https:\/\/goelectric.se\/sv\/kontakta-oss-om-elbatar\/"]}]},{"@type":"WebSite","@id":"https:\/\/goelectric.se\/sv\/#website","url":"https:\/\/goelectric.se\/sv\/","name":"GoElectric - Electric Boats in Sweden","description":"GoElectric encourages exploration, social bonds and a greener lifestyle.","potentialAction":[{"@type":"SearchAction","target":{"@type":"EntryPoint","urlTemplate":"https:\/\/goelectric.se\/sv\/?s={search_term_string}"},"query-input":"required name=search_term_string"}],"inLanguage":"sv-SE"}]}},"_links":{"self":[{"href":"https:\/\/goelectric.se\/sv\/wp-json\/wp\/v2\/pages\/2625"}],"collection":[{"href":"https:\/\/goelectric.se\/sv\/wp-json\/wp\/v2\/pages"}],"about":[{"href":"https:\/\/goelectric.se\/sv\/wp-json\/wp\/v2\/types\/page"}],"author":[{"embeddable":true,"href":"https:\/\/goelectric.se\/sv\/wp-json\/wp\/v2\/users\/2"}],"replies":[{"embeddable":true,"href":"https:\/\/goelectric.se\/sv\/wp-json\/wp\/v2\/comments?post=2625"}],"version-history":[{"count":7,"href":"https:\/\/goelectric.se\/sv\/wp-json\/wp\/v2\/pages\/2625\/revisions"}],"predecessor-version":[{"id":2637,"href":"https:\/\/goelectric.se\/sv\/wp-json\/wp\/v2\/pages\/2625\/revisions\/2637"}],"wp:attachment":[{"href":"https:\/\/goelectric.se\/sv\/wp-json\/wp\/v2\/media?parent=2625"}],"curies":[{"name":"wp","href":"https:\/\/api.w.org\/{rel}","templated":true}]}}