{"id":2629,"date":"2019-03-11T23:39:49","date_gmt":"2019-03-11T22:39:49","guid":{"rendered":"https:\/\/goelectric.se\/var-passion-for-elektriska-batar\/"},"modified":"2024-02-06T14:32:50","modified_gmt":"2024-02-06T13:32:50","slug":"var-passion-for-elektriska-batar","status":"publish","type":"page","link":"https:\/\/goelectric.se\/sv\/var-passion-for-elektriska-batar\/","title":{"rendered":"V\u00e5r passion f\u00f6r elektriska b\u00e5tar"},"content":{"rendered":"\n<style type=\"text\/css\" data-created_by=\"avia_inline_auto\" id=\"style-css-av-jt4x5gdt-e25bc131979cd07c0206da1cd6559ce1\">\n.avia-section.av-jt4x5gdt-e25bc131979cd07c0206da1cd6559ce1{\nbackground-repeat:no-repeat;\nbackground-image:url(https:\/\/goelectric.se\/wp-content\/uploads\/2019\/03\/go_green_background.jpg);\nbackground-position:50% 50%;\nbackground-attachment:fixed;\n}\n<\/style>\n<div id='av_section_1'  class='avia-section av-jt4x5gdt-e25bc131979cd07c0206da1cd6559ce1 main_color avia-section-default avia-no-border-styling  avia-builder-el-0  avia-builder-el-no-sibling  avia-full-stretch avia-bg-style-fixed av-minimum-height av-minimum-height-75  container_wrap fullsize'  data-section-bg-repeat='stretch' data-av_minimum_height_pc='75'><div class='container av-section-cont-open' ><main  role=\"main\" itemprop=\"mainContentOfPage\"  class='template-page content  av-content-full alpha units'><div class='post-entry post-entry-type-page post-entry-2629'><div class='entry-content-wrapper clearfix'>\n\n<style type=\"text\/css\" data-created_by=\"avia_inline_auto\" id=\"style-css-av-jt4x91a7-32cfbc6f594b3e5e7b37b9b255aadd8c\">\n.avia-image-container.av-jt4x91a7-32cfbc6f594b3e5e7b37b9b255aadd8c img.avia_image{\nbox-shadow:none;\n}\n.avia-image-container.av-jt4x91a7-32cfbc6f594b3e5e7b37b9b255aadd8c .av-image-caption-overlay-center{\ncolor:#ffffff;\n}\n<\/style>\n<div  class='avia-image-container av-jt4x91a7-32cfbc6f594b3e5e7b37b9b255aadd8c av-styling-no-styling avia_animated_image av-animated-when-visible-95 fade-in avia-align-center  avia-builder-el-1  el_before_av_hr  avia-builder-el-first '   itemprop=\"image\" itemscope=\"itemscope\" itemtype=\"https:\/\/schema.org\/ImageObject\" ><div class=\"avia-image-container-inner\"><div class=\"avia-image-overlay-wrap\"><img decoding=\"async\" class='wp-image-2226 avia-img-lazy-loading-not-2226 avia_image ' src=\"https:\/\/goelectric.se\/wp-content\/uploads\/2019\/03\/symbol_black.png\" alt='' title=''  height=\"180\" width=\"180\"  itemprop=\"thumbnailUrl\" srcset=\"https:\/\/goelectric.se\/wp-content\/uploads\/2019\/03\/symbol_black.png 180w, https:\/\/goelectric.se\/wp-content\/uploads\/2019\/03\/symbol_black-80x80.png 80w, https:\/\/goelectric.se\/wp-content\/uploads\/2019\/03\/symbol_black-36x36.png 36w, https:\/\/goelectric.se\/wp-content\/uploads\/2019\/03\/symbol_black-120x120.png 120w\" sizes=\"(max-width: 180px) 100vw, 180px\" \/><\/div><\/div><\/div>\n\n<style type=\"text\/css\" data-created_by=\"avia_inline_auto\" id=\"style-css-av-jt8ezmov-188a8d9f393eb0e7598eb1a1eef02b68\">\n#top .hr.hr-invisible.av-jt8ezmov-188a8d9f393eb0e7598eb1a1eef02b68{\nheight:20px;\n}\n<\/style>\n<div  class='hr av-jt8ezmov-188a8d9f393eb0e7598eb1a1eef02b68 hr-invisible  avia-builder-el-2  el_after_av_image  el_before_av_one_fifth '><span class='hr-inner '><span class=\"hr-inner-style\"><\/span><\/span><\/div>\n\n<style type=\"text\/css\" data-created_by=\"avia_inline_auto\" id=\"style-css-av-29d3s-d6079e9ccea136efb6acb9cf27512d1c\">\n.flex_column.av-29d3s-d6079e9ccea136efb6acb9cf27512d1c{\n-webkit-border-radius:0px 0px 0px 0px;\n-moz-border-radius:0px 0px 0px 0px;\nborder-radius:0px 0px 0px 0px;\npadding:0px 0px 0px 0px;\n}\n<\/style>\n<div class='flex_column av-29d3s-d6079e9ccea136efb6acb9cf27512d1c av_one_fifth  avia-builder-el-3  el_after_av_hr  el_before_av_three_fifth  first flex_column_div av-zero-column-padding '     ><\/div>\n<style type=\"text\/css\" data-created_by=\"avia_inline_auto\" id=\"style-css-av-1s61o-f878d8c47035a9d2c63138bedf3ddbb4\">\n.flex_column.av-1s61o-f878d8c47035a9d2c63138bedf3ddbb4{\n-webkit-border-radius:0px 0px 0px 0px;\n-moz-border-radius:0px 0px 0px 0px;\nborder-radius:0px 0px 0px 0px;\npadding:0px 0px 0px 0px;\n}\n<\/style>\n<div class='flex_column av-1s61o-f878d8c47035a9d2c63138bedf3ddbb4 av_three_fifth  avia-builder-el-4  el_after_av_one_fifth  el_before_av_one_fifth  flex_column_div av-zero-column-padding '     ><style type=\"text\/css\" data-created_by=\"avia_inline_auto\" id=\"style-css-av-jt4x53nx-13d40d0f849ab4214c0a1931cdb46a4d\">\n#top .av_textblock_section.av-jt4x53nx-13d40d0f849ab4214c0a1931cdb46a4d .avia_textblock{\ncolor:#000000;\n}\n<\/style>\n<section  class='av_textblock_section av-jt4x53nx-13d40d0f849ab4214c0a1931cdb46a4d'  itemscope=\"itemscope\" itemtype=\"https:\/\/schema.org\/CreativeWork\" ><div class='avia_textblock av_inherit_color'  itemprop=\"text\" ><h2 style=\"text-align: center;\">V\u00c5R PASSION<\/h2>\n<\/div><\/section><br \/>\n\n<style type=\"text\/css\" data-created_by=\"avia_inline_auto\" id=\"style-css-av-jt4x53nx-3219a0a3bbfdd8ff6faacae945f41184\">\n#top .av_textblock_section.av-jt4x53nx-3219a0a3bbfdd8ff6faacae945f41184 .avia_textblock{\nfont-size:20px;\ncolor:#000000;\n}\n<\/style>\n<section  class='av_textblock_section av-jt4x53nx-3219a0a3bbfdd8ff6faacae945f41184'  itemscope=\"itemscope\" itemtype=\"https:\/\/schema.org\/CreativeWork\" ><div class='avia_textblock av_inherit_color'  itemprop=\"text\" ><p style=\"text-align: center;\">Elb\u00e5tar \u00e4r ett roligt steg mot ett h\u00e5llbart b\u00e5tliv. Vi tror p\u00e5 att g\u00e5 fr\u00e5n klimat\u00e5ngest till klimataktivering.<\/p>\n<p style=\"text-align: center;\">\nVi \u00e4r ocks\u00e5 starkt engagerade i att st\u00f6dja v\u00e5ra v\u00e4nner i Katerre boat expeditions i Brasilien som startade detta hederv\u00e4rda projekt 1998 som syftar till att skydda och utveckla Amazonas regnskog genom att starta och driva en skola mitt i Amazonas f\u00f6r att utbilda den yngre generationen i skogsf\u00f6rvaltning och skydd. Kanske kan vi i framtiden gemensamt bidra till fler skolor i detta naturprojekt.<\/p>\n<p style=\"text-align: center;\">\n<\/div><\/section><br \/>\n\n<style type=\"text\/css\" data-created_by=\"avia_inline_auto\" id=\"style-css-av-jt8ezmov-88911ee28ae082fb25c5c3e5c4bdbc81\">\n#top .hr.hr-invisible.av-jt8ezmov-88911ee28ae082fb25c5c3e5c4bdbc81{\nheight:50px;\n}\n<\/style>\n<div  class='hr av-jt8ezmov-88911ee28ae082fb25c5c3e5c4bdbc81 hr-invisible  avia-builder-el-7  el_after_av_textblock  el_before_av_video '><span class='hr-inner '><span class=\"hr-inner-style\"><\/span><\/span><\/div><br \/>\n<div  class='avia-video av-jt9v7y98-698a475678b4a0a6c7e0d8b29ad7c279 avia-video-16-9 av-no-preview-image avia-video-load-always av-lazyload-immediate av-lazyload-video-embed'  itemprop=\"video\" itemtype=\"https:\/\/schema.org\/VideoObject\"  data-original_url='https:\/\/vimeo.com\/298034144'><script type='text\/html' class='av-video-tmpl'><div class='avia-iframe-wrap'><iframe loading=\"lazy\" title=\"FAM - Funda\u00e7\u00e3o Almerinda Malaquias | Subtitled in English (Full Video)\" src=\"https:\/\/player.vimeo.com\/video\/298034144?dnt=1&amp;app_id=122963&autoplay=0&loop=0&controls=1&muted=0\" width=\"1500\" height=\"844\" frameborder=\"0\" allow=\"autoplay; fullscreen; picture-in-picture\"><\/iframe><\/div><\/script><div class='av-click-to-play-overlay'><div class=\"avia_playpause_icon\"><\/div><\/div><\/div><br \/>\n\n<style type=\"text\/css\" data-created_by=\"avia_inline_auto\" id=\"style-css-av-jt8ezmov-188a8d9f393eb0e7598eb1a1eef02b68\">\n#top .hr.hr-invisible.av-jt8ezmov-188a8d9f393eb0e7598eb1a1eef02b68{\nheight:20px;\n}\n<\/style>\n<div  class='hr av-jt8ezmov-188a8d9f393eb0e7598eb1a1eef02b68 hr-invisible  avia-builder-el-9  el_after_av_video  avia-builder-el-last '><span class='hr-inner '><span class=\"hr-inner-style\"><\/span><\/span><\/div><\/p><\/div>\n<style type=\"text\/css\" data-created_by=\"avia_inline_auto\" id=\"style-css-av-12odk-52090fbe772a28363cd7c1d1e217b36b\">\n.flex_column.av-12odk-52090fbe772a28363cd7c1d1e217b36b{\n-webkit-border-radius:0px 0px 0px 0px;\n-moz-border-radius:0px 0px 0px 0px;\nborder-radius:0px 0px 0px 0px;\npadding:0px 0px 0px 0px;\n}\n<\/style>\n<div class='flex_column av-12odk-52090fbe772a28363cd7c1d1e217b36b av_one_fifth  avia-builder-el-10  el_after_av_three_fifth  avia-builder-el-last  flex_column_div av-zero-column-padding '     ><\/div>\n","protected":false},"excerpt":{"rendered":"","protected":false},"author":1,"featured_media":0,"parent":0,"menu_order":0,"comment_status":"closed","ping_status":"closed","template":"","meta":{"inline_featured_image":false,"footnotes":""},"yoast_head":"<!-- This site is optimized with the Yoast SEO plugin v21.9.1 - https:\/\/yoast.com\/wordpress\/plugins\/seo\/ -->\n<title>V\u00e5r passion f\u00f6r elektriska b\u00e5tar - GoElectric - Electric Boats in Sweden<\/title>\n<meta name=\"robots\" content=\"index, follow, max-snippet:-1, max-image-preview:large, max-video-preview:-1\" \/>\n<link rel=\"canonical\" href=\"https:\/\/goelectric.se\/sv\/var-passion-for-elektriska-batar\/\" \/>\n<meta property=\"og:locale\" content=\"sv_SE\" \/>\n<meta property=\"og:type\" content=\"article\" \/>\n<meta property=\"og:title\" content=\"V\u00e5r passion f\u00f6r elektriska b\u00e5tar - GoElectric - Electric Boats in Sweden\" \/>\n<meta property=\"og:url\" content=\"https:\/\/goelectric.se\/sv\/var-passion-for-elektriska-batar\/\" \/>\n<meta property=\"og:site_name\" content=\"GoElectric - Electric Boats in Sweden\" \/>\n<meta property=\"article:modified_time\" content=\"2024-02-06T13:32:50+00:00\" \/>\n<meta name=\"twitter:card\" content=\"summary_large_image\" \/>\n<meta name=\"twitter:label1\" content=\"Ber\u00e4knad l\u00e4stid\" \/>\n\t<meta name=\"twitter:data1\" content=\"4 minuter\" \/>\n<script type=\"application\/ld+json\" class=\"yoast-schema-graph\">{\"@context\":\"https:\/\/schema.org\",\"@graph\":[{\"@type\":\"WebPage\",\"@id\":\"https:\/\/goelectric.se\/sv\/var-passion-for-elektriska-batar\/\",\"url\":\"https:\/\/goelectric.se\/sv\/var-passion-for-elektriska-batar\/\",\"name\":\"V\u00e5r passion f\u00f6r elektriska b\u00e5tar - GoElectric - Electric Boats in Sweden\",\"isPartOf\":{\"@id\":\"https:\/\/goelectric.se\/sv\/#website\"},\"datePublished\":\"2019-03-11T22:39:49+00:00\",\"dateModified\":\"2024-02-06T13:32:50+00:00\",\"inLanguage\":\"sv-SE\",\"potentialAction\":[{\"@type\":\"ReadAction\",\"target\":[\"https:\/\/goelectric.se\/sv\/var-passion-for-elektriska-batar\/\"]}]},{\"@type\":\"WebSite\",\"@id\":\"https:\/\/goelectric.se\/sv\/#website\",\"url\":\"https:\/\/goelectric.se\/sv\/\",\"name\":\"GoElectric - Electric Boats in Sweden\",\"description\":\"GoElectric encourages exploration, social bonds and a greener lifestyle.\",\"potentialAction\":[{\"@type\":\"SearchAction\",\"target\":{\"@type\":\"EntryPoint\",\"urlTemplate\":\"https:\/\/goelectric.se\/sv\/?s={search_term_string}\"},\"query-input\":\"required name=search_term_string\"}],\"inLanguage\":\"sv-SE\"}]}<\/script>\n<!-- \/ Yoast SEO plugin. -->","yoast_head_json":{"title":"V\u00e5r passion f\u00f6r elektriska b\u00e5tar - GoElectric - Electric Boats in Sweden","robots":{"index":"index","follow":"follow","max-snippet":"max-snippet:-1","max-image-preview":"max-image-preview:large","max-video-preview":"max-video-preview:-1"},"canonical":"https:\/\/goelectric.se\/sv\/var-passion-for-elektriska-batar\/","og_locale":"sv_SE","og_type":"article","og_title":"V\u00e5r passion f\u00f6r elektriska b\u00e5tar - GoElectric - Electric Boats in Sweden","og_url":"https:\/\/goelectric.se\/sv\/var-passion-for-elektriska-batar\/","og_site_name":"GoElectric - Electric Boats in Sweden","article_modified_time":"2024-02-06T13:32:50+00:00","twitter_card":"summary_large_image","twitter_misc":{"Ber\u00e4knad l\u00e4stid":"4 minuter"},"schema":{"@context":"https:\/\/schema.org","@graph":[{"@type":"WebPage","@id":"https:\/\/goelectric.se\/sv\/var-passion-for-elektriska-batar\/","url":"https:\/\/goelectric.se\/sv\/var-passion-for-elektriska-batar\/","name":"V\u00e5r passion f\u00f6r elektriska b\u00e5tar - GoElectric - Electric Boats in Sweden","isPartOf":{"@id":"https:\/\/goelectric.se\/sv\/#website"},"datePublished":"2019-03-11T22:39:49+00:00","dateModified":"2024-02-06T13:32:50+00:00","inLanguage":"sv-SE","potentialAction":[{"@type":"ReadAction","target":["https:\/\/goelectric.se\/sv\/var-passion-for-elektriska-batar\/"]}]},{"@type":"WebSite","@id":"https:\/\/goelectric.se\/sv\/#website","url":"https:\/\/goelectric.se\/sv\/","name":"GoElectric - Electric Boats in Sweden","description":"GoElectric encourages exploration, social bonds and a greener lifestyle.","potentialAction":[{"@type":"SearchAction","target":{"@type":"EntryPoint","urlTemplate":"https:\/\/goelectric.se\/sv\/?s={search_term_string}"},"query-input":"required name=search_term_string"}],"inLanguage":"sv-SE"}]}},"_links":{"self":[{"href":"https:\/\/goelectric.se\/sv\/wp-json\/wp\/v2\/pages\/2629"}],"collection":[{"href":"https:\/\/goelectric.se\/sv\/wp-json\/wp\/v2\/pages"}],"about":[{"href":"https:\/\/goelectric.se\/sv\/wp-json\/wp\/v2\/types\/page"}],"author":[{"embeddable":true,"href":"https:\/\/goelectric.se\/sv\/wp-json\/wp\/v2\/users\/1"}],"replies":[{"embeddable":true,"href":"https:\/\/goelectric.se\/sv\/wp-json\/wp\/v2\/comments?post=2629"}],"version-history":[{"count":2,"href":"https:\/\/goelectric.se\/sv\/wp-json\/wp\/v2\/pages\/2629\/revisions"}],"predecessor-version":[{"id":2633,"href":"https:\/\/goelectric.se\/sv\/wp-json\/wp\/v2\/pages\/2629\/revisions\/2633"}],"wp:attachment":[{"href":"https:\/\/goelectric.se\/sv\/wp-json\/wp\/v2\/media?parent=2629"}],"curies":[{"name":"wp","href":"https:\/\/api.w.org\/{rel}","templated":true}]}}